{"id":600,"date":"2024-07-12T13:21:24","date_gmt":"2024-07-12T13:21:24","guid":{"rendered":"https:\/\/tariqahmed.net\/redy\/?page_id=600"},"modified":"2024-08-14T14:53:54","modified_gmt":"2024-08-14T14:53:54","slug":"refund_returns","status":"publish","type":"page","link":"https:\/\/redyforme.com\/en\/refund_returns\/","title":{"rendered":"Refund and Returns Policy"},"content":{"rendered":"\t\t<div data-elementor-type=\"wp-page\" data-elementor-id=\"600\" class=\"elementor elementor-600\" data-elementor-post-type=\"page\">\n\t\t\t\t<div class=\"elementor-element elementor-element-75a7576a e-flex e-con-boxed e-con e-parent\" data-id=\"75a7576a\" data-element_type=\"container\" data-e-type=\"container\">\n\t\t\t\t\t<div class=\"e-con-inner\">\n\t\t\t\t<div class=\"elementor-element elementor-element-8e79415 elementor-widget elementor-widget-spacer\" data-id=\"8e79415\" data-element_type=\"widget\" data-e-type=\"widget\" data-widget_type=\"spacer.default\">\n\t\t\t\t<div class=\"elementor-widget-container\">\n\t\t\t\t\t\t\t<div class=\"elementor-spacer\">\n\t\t\t<div class=\"elementor-spacer-inner\"><\/div>\n\t\t<\/div>\n\t\t\t\t\t\t<\/div>\n\t\t\t\t<\/div>\n\t\t\t\t<div class=\"elementor-element elementor-element-a42e124 elementor-widget elementor-widget-heading\" data-id=\"a42e124\" data-element_type=\"widget\" data-e-type=\"widget\" data-widget_type=\"heading.default\">\n\t\t\t\t<div class=\"elementor-widget-container\">\n\t\t\t\t\t<h2 class=\"elementor-heading-title elementor-size-default\">Hizmet \u015fartlar\u0131\n<\/h2>\t\t\t\t<\/div>\n\t\t\t\t<\/div>\n\t\t\t\t<div class=\"elementor-element elementor-element-6869d55f elementor-widget elementor-widget-text-editor\" data-id=\"6869d55f\" data-element_type=\"widget\" data-e-type=\"widget\" data-widget_type=\"text-editor.default\">\n\t\t\t\t<div class=\"elementor-widget-container\">\n\t\t\t\t\t\t\t\t\t\n<p><span style=\"font-weight: 400;\">Madde 1 \u2013\u00a0S\u00f6zle\u015fmenin ve Taraflar\u0131n Konusu<\/span><\/p>\n<p><span style=\"font-weight: 400;\">\u0130\u015fbu Mesafeli Sat\u0131\u015f S\u00f6zle\u015fmesi, ALICI&#8217;n\u0131n SATICI&#8217;ya ait internet sitesinden elektronik ortamda sipari\u015fini verdi\u011fi mallar ile ilgili olarak 6502 say\u0131l\u0131 T\u00fcketicinin Korunmas\u0131 Hakk\u0131ndaki Kanun ve Mesafeli Sat\u0131\u015f Y\u00f6netmeli\u011fi h\u00fck\u00fcmleri gere\u011fince taraflar\u0131n hak ve y\u00fck\u00fcml\u00fcl\u00fcklerini d\u00fczenler. ALICI, https:\/\/redyforme.com\/en\/ adresinde yer alan bilgileri hem i\u015fbu S\u00f6zle\u015fme&#8217;nin kurulmas\u0131ndan \u00f6nce, hem de sipari\u015f vermeden \u00f6nce incelemek ve \u00f6deme y\u00fck\u00fcml\u00fcl\u00fc\u011f\u00fcn\u00fc \u00fcstlenmek suretiyle a\u015fa\u011f\u0131daki hususlarda bilgilendirilece\u011fini kabul eder.<\/span><\/p>\n<p><span style=\"font-weight: 400;\">Madde 2\u00a0\u2013\u00a0Taraflar<\/span><\/p>\n<p><span style=\"font-weight: 400;\">Sat\u0131c\u0131 Bilgileri:<\/span><span style=\"font-weight: 400;\"><br \/><\/span><span style=\"font-weight: 400;\">\u00dcnvan:\u00a0Redy Sa\u011fl\u0131k Teknolojileri ve Takviye Edici G\u0131da Sanayi Ticaret Limited \u015eirketi<\/span><span style=\"font-weight: 400;\"><br \/><\/span><span style=\"font-weight: 400;\">Adres:\u00a0 Fulya Mahallesi, Ali Samiyen Sokak, No:3\/39 \u015ei\u015fli &#8211; \u0130stanbul<\/span><span style=\"font-weight: 400;\"><br \/><\/span><span style=\"font-weight: 400;\">Telefon: +90 535 494 7746<\/span><span style=\"font-weight: 400;\"><br \/><\/span><span style=\"font-weight: 400;\">E-mail:info@redyforme.com<\/span><span style=\"font-weight: 400;\"><br \/><\/span><span style=\"font-weight: 400;\">\u0130ade Adresi:\u00a0Fulya Mahallesi, Ali Samiyen Sokak, No:3\/39 \u015ei\u015fli &#8211; \u0130stanbul<\/span><\/p>\n<p><span style=\"font-weight: 400;\">Al\u0131c\u0131 \u0130leti\u015fim Bilgileri:<\/span><\/p>\n<p><span style=\"font-weight: 400;\">Ad-soyad:<\/span><span style=\"font-weight: 400;\"><br \/><\/span><span style=\"font-weight: 400;\">Adres:<\/span><\/p>\n<p><span style=\"font-weight: 400;\">Telefon:<\/span><span style=\"font-weight: 400;\"><br \/><\/span><span style=\"font-weight: 400;\">Email:<\/span><\/p>\n<p><span style=\"font-weight: 400;\">Madde 3\u00a0\u2013\u00a0Sat\u0131lan \u00dcr\u00fcnlerin \u00d6zellikleri ve \u00d6deme Ko\u015fullar\u0131<\/span><\/p>\n<p><span style=\"font-weight: 400;\">3.1. ALICI, \u00fcr\u00fcnle ilgili ana nitelikleri, vergiler dahil sat\u0131\u015f fiyat\u0131, \u00f6deme \u015fekli ve teslimat\u0131 hakk\u0131nda bilgi sahibi oldu\u011funu ve yaz\u0131l\u0131 olarak gerekli teyidi verdi\u011fini kabul ve beyan eder.<\/span><\/p>\n<p><span style=\"font-weight: 400;\">3.2. ALICI&#8217;n\u0131n sat\u0131n ald\u0131\u011f\u0131 \u00fcr\u00fcn\u00fcn nitelik ve miktar\u0131 https:\/\/redyforme.com\/en internet sitesinde ve faturas\u0131nda yer alan bilgilerle ayn\u0131d\u0131r. \u00dcr\u00fcn sat\u0131ld\u0131ktan sonra sipari\u015f \u00f6zeti ve sat\u0131\u015f s\u00f6zle\u015fmesi h\u00fck\u00fcmleri ALICI&#8217;n\u0131n e-posta adresine g\u00f6nderilir. Nakliye ve teslimat i\u00e7in ek masraf yap\u0131lmas\u0131 halinde bu bilgiler ALICI&#8217;n\u0131n e-posta adresine de g\u00f6nderilecektir.<\/span><\/p>\n<p><span style=\"font-weight: 400;\">3.3. https:\/\/redyforme.com\/en\u00a0web sitesindeki sistem hatalar\u0131ndan dolay\u0131 \u00fcr\u00fcn fiyat\u0131 ile ilgili herhangi bir hata olmas\u0131 durumunda, hata derhal ALICI&#8217;ya bildirilecektir. ALICI&#8217;n\u0131n tercihine g\u00f6re ya i\u015flem iptal edilecek ya da \u00fcr\u00fcn\u00fcn ger\u00e7ek fiyat\u0131 \u00fczerinden\u00a0iade i\u015flemi ger\u00e7ekle\u015ftirilecektir.<\/span><\/p>\n<p><span style=\"font-weight: 400;\">3.4. \u00dcr\u00fcn fiyat\u0131 ve \u00f6demeye ili\u015fkin d\u00f6viz kuru, ALICI&#8217;n\u0131n ikamet etti\u011fi yere g\u00f6re de\u011fi\u015fiklik g\u00f6sterebilir. T\u00fcrkiye&#8217;de ikamet eden ALICI&#8217;n\u0131n sat\u0131n ald\u0131\u011f\u0131 \u00fcr\u00fcnlerin \u00f6demesi T\u00fcrk Liras\u0131, T\u00fcrkiye d\u0131\u015f\u0131nda ikamet eden ALICI&#8217;n\u0131n sat\u0131n ald\u0131\u011f\u0131 \u00fcr\u00fcnlerin \u00f6demesi ise Euro ve USD kurlar\u0131 \u00fczerinden yap\u0131lacakt\u0131r. ALICI&#8217;n\u0131n ikamet yerini de\u011fi\u015ftirmek amac\u0131yla VPN kullanmas\u0131 ve \u00fcr\u00fcn\u00fc sat\u0131n almas\u0131 durumunda SATICI, buna ba\u011fl\u0131 olarak sat\u0131\u015f s\u00fcrecini iptal etme hakk\u0131n\u0131 sakl\u0131 tutar.<\/span><\/p>\n<p><span style=\"font-weight: 400;\">3.5. Kredi kart\u0131 ile \u00f6deme tek taksitte yap\u0131labilece\u011fi gibi, mevsimsel olarak bankalarla yap\u0131lan s\u00f6zle\u015fmelere ba\u011fl\u0131 olarak birden fazla taksit ile de \u00f6deme yap\u0131labilmektedir. Taksitlendirme ve olas\u0131 sonraki faiz, ilgili bankan\u0131n takdirindedir.<\/span><\/p>\n<p><span style=\"font-weight: 400;\">3.6. Sat\u0131\u015f S\u00f6zle\u015fmesi kapsam\u0131ndaki \u00fcr\u00fcn\u00fcn teslimi i\u00e7in, \u00fcr\u00fcn bedelinin ALICI&#8217;n\u0131n tercih etti\u011fi y\u00f6ntemle \u00f6denmesi gerekmektedir. \u00d6demelerin kredi kart\u0131 ile yap\u0131labilmesi i\u00e7in ALICI&#8217;n\u0131n \u00f6deme alan\u0131na kredi kart\u0131 bilgilerini eksiksiz girmesi gerekmektedir. \u00dcr\u00fcn bedelinin \u00f6denmemesi veya banka taraf\u0131ndan \u00f6demenin iptal edilmesi durumunda SATICI tek tarafl\u0131 olarak sat\u0131\u015f s\u00f6zle\u015fmesini feshedebilir ve SATICI&#8217;n\u0131n \u00fcr\u00fcn\u00fc teslim etme y\u00fck\u00fcml\u00fcl\u00fc\u011f\u00fc ortadan kalkar.<\/span><\/p>\n<p><span style=\"font-weight: 400;\">Madde 4 \u2013\u00a0\u00dcr\u00fcn Teslimat\u0131<\/span><\/p>\n<p><span style=\"font-weight: 400;\">4.1. SATICI, sat\u0131n ald\u0131\u011f\u0131 \u00fcr\u00fcn i\u00e7in tahmini teslim tarihini SATICI&#8217;ya bildirebilir. Teslimat s\u00fcresi Mesafeli Sat\u0131\u015f S\u00f6zle\u015fmelerine \u0130li\u015fkin Y\u00f6netmelikte belirtilen yasal 30 (otuz) g\u00fcn\u00fc a\u015famaz. Herhangi bir nedenle sipari\u015fin SATICI taraf\u0131ndan taahh\u00fct edilen s\u00fcre i\u00e7inde teslim edilememesi durumunda gecikme ALICI&#8217;ya bildirilir.<\/span><\/p>\n<p><span style=\"font-weight: 400;\">4.2. \u00dcr\u00fcn, faturas\u0131 ile birlikte ALICI&#8217;n\u0131n g\u00f6sterdi\u011fi teslimat adresindeki ki\u015fiye teslim edilecektir.\u00a0\u00dcr\u00fcn\u00fcn ALICI&#8217;dan ba\u015fka bir ki\u015fi taraf\u0131ndan teslimat adresinde teslim al\u0131nmas\u0131ndan do\u011fabilecek zarar ve masraflar SATICI&#8217;n\u0131n sorumlulu\u011funda de\u011fildir. Teslimat adresindeki ki\u015fiye teslim edilmesi halinde bu teslimat ALICI&#8217;ya yap\u0131lm\u0131\u015f say\u0131l\u0131r. SATICI, y\u00fck\u00fcml\u00fcl\u00fcklerini yerine getirmi\u015f say\u0131lacakt\u0131r.<\/span><\/p>\n<p><span style=\"font-weight: 400;\">4.3. ALICI, \u00fcr\u00fcn\u00fc teslim an\u0131nda ivedilikle kontrol etmekle ve kusurlar\u0131 yukar\u0131daki ileti\u015fim bilgilerinde yer alan telefon numaras\u0131 arac\u0131l\u0131\u011f\u0131yla SATICI&#8217;ya derhal bildirmekle y\u00fck\u00fcml\u00fcd\u00fcr.<\/span><\/p>\n<p><span style=\"font-weight: 400;\">Madde 5\u2013 SATICI VE ALICININ HAK VE Y\u00dcK\u00dcML\u00dcL\u00dcKLER\u0130<\/span><\/p>\n<p><span style=\"font-weight: 400;\">5.1 SATICI, S\u00f6zle\u015fme konusu \u00fcr\u00fcn\u00fcn sipari\u015fte belirtilen nitelik ve \u00f6zelliklere uygun, eksiksiz, eksiksiz ve varsa garanti belgeleri ve kullan\u0131m k\u0131lavuzlar\u0131 ile birlikte teslim edilmesinden sorumludur.<\/span><\/p>\n<p><span style=\"font-weight: 400;\">5.2. ALICI, \u00fcr\u00fcn\u00fc teslim an\u0131nda derhal kontrol etmek, \u00fcr\u00fcn veya kargo ile ilgili herhangi bir sorun olmas\u0131 durumunda \u00fcr\u00fcn\u00fc reddetmek ve kargo firmas\u0131 yetkilisine tutanak tutmakla y\u00fck\u00fcml\u00fcd\u00fcr. \u00dcr\u00fcn durumu ile ilgili tespit ve bildirim yap\u0131lmamas\u0131 durumunda teslim al\u0131nan \u00fcr\u00fcn hasars\u0131z kabul edilecektir.<\/span><\/p>\n<p><span style=\"font-weight: 400;\">5.3. SATICI&#8217;n\u0131n sipari\u015f edilen \u00fcr\u00fcn veya hizmetleri teslim etmesinin imkans\u0131z hale gelmesi halinde, SATICI, bunu \u00f6\u011frendi\u011fi tarihten itibaren \u00fc\u00e7 g\u00fcn i\u00e7inde t\u00fcketiciye yaz\u0131l\u0131 olarak veya kal\u0131c\u0131 veri saklama ara\u00e7lar\u0131 ile bildirimde bulunmakla y\u00fck\u00fcml\u00fcd\u00fcr. varsa teslimat giderleri de dahil olmak \u00fczere tahsil edilen t\u00fcm \u00f6demeleri, bildirim tarihini izleyen en ge\u00e7 on d\u00f6rt g\u00fcn i\u00e7inde iade etmek zorundad\u0131r. \u00dcr\u00fcn\u00fcn stokta bulunmamas\u0131, \u00fcr\u00fcn\u00fcn temin edilmesinin imkans\u0131zl\u0131\u011f\u0131 olarak de\u011ferlendirilmeyecektir.<\/span><\/p>\n<p><span style=\"font-weight: 400;\">Madde\u00a06 \u2013 CAYMA HAKKININ KULLANILMASI VE TARAFLARIN Y\u00dcK\u00dcML\u00dcL\u00dcKLER\u0130<\/span><\/p>\n<p><span style=\"font-weight: 400;\">ALICI 14 (ond\u00f6rt) g\u00fcn i\u00e7inde hi\u00e7bir gerek\u00e7e g\u00f6stermeksizin ve cezai \u015fart \u00f6demeksizin s\u00f6zle\u015fmeden cayma hakk\u0131na sahip olacakt\u0131r.<\/span><\/p>\n<p><span style=\"font-weight: 400;\">ALICI, 7. maddede belirtilen cayma hakk\u0131n\u0131n kullan\u0131lamayaca\u011f\u0131 bir \u00fcr\u00fcn olmamak kayd\u0131yla, cayma bildirimini 14. (On d\u00f6rt g\u00fcn. Sat\u0131c\u0131 \u00fcr\u00fcn\u00fc geri almak i\u00e7in bir teklifte bulunmad\u0131k\u00e7a, ALICI, cayma bildirimini yapt\u0131\u011f\u0131 tarihten itibaren 10 (on) g\u00fcn i\u00e7inde \u00fcr\u00fcn\u00fc sat\u0131c\u0131ya veya sa\u011flay\u0131c\u0131ya veya belirlenen fatura asl\u0131 ve faturan\u0131n arkas\u0131ndaki doldurulmu\u015f iade formu ile birlikte Ayr\u0131ca cayma hakk\u0131n\u0131n kullan\u0131lmas\u0131ndan itibaren 10 (on) g\u00fcn i\u00e7inde iade edilmesi gereken \u00fcr\u00fcn\/\u00fcr\u00fcnlerin kullan\u0131lmam\u0131\u015f, giyilmemi\u015f, y\u0131kanmam\u0131\u015f ve e\u011fer varsa standart aksesuarlar\u0131 ile birlikte orijinal ambalaj\u0131nda \u200b\u200bolmas\u0131 gerekmektedir. SATICI&#8217;n\u0131n tekrar sat\u0131\u015fa sunabilmesi i\u00e7in herhangi bir Bu durumda \u00fcr\u00fcn\u00fcn teslimat masraflar\u0131 SATICI&#8217;ya aittir. Faturas\u0131 kurumlar ad\u0131na d\u00fczenlenen sipari\u015flerin iadeleri, \u0130ADE faturas\u0131 kesilmedik\u00e7e tamamlanmayacakt\u0131r. Cayma durumunda iade edilen \u00fcr\u00fcn\u00fcn \u00fcr\u00fcn bedeli, \u00fcr\u00fcn\u00fcn kendisine ula\u015fmas\u0131n\u0131 takip eden 14 (ond\u00f6rt) g\u00fcn i\u00e7inde ALICI&#8217;n\u0131n orijinal \u00f6deme y\u00f6ntemi kullan\u0131larak iade edilir. Kredi kart\u0131 ile yap\u0131lan iadelerde iade s\u00fcresi bankaya g\u00f6re de\u011fi\u015fiklik g\u00f6sterebilir. \u0130ade edilecek \u00fcr\u00fcn denenme d\u0131\u015f\u0131nda kullan\u0131lmamal\u0131, k\u0131sa s\u00fcreli dahi olsa d\u0131\u015far\u0131da giyilmemeli, y\u0131kanarak tekrar sat\u0131lmas\u0131n\u0131 engelleyecek ve\/veya hasar g\u00f6recek durumda olmamal\u0131d\u0131r. Cayma durumunda, iade edilen \u00fcr\u00fcn, iade politikas\u0131 \u015fartlar\u0131n\u0131 sa\u011flamad\u0131\u011f\u0131 takdirde, herhangi bir ekstra \u00f6deme yap\u0131lmadan ayn\u0131 adrese iade edilecektir.<\/span><\/p>\n<p><span style=\"font-weight: 400;\">Madde 7- CAYMA HAKKI KULLANILAMAYACAK \u00dcR\u00dcNLER<\/span><\/p>\n<p><span style=\"font-weight: 400;\">Y\u0131lba\u015f\u0131, Sevgililer G\u00fcn\u00fc, Anneler\/Babalar G\u00fcn\u00fc gibi \u00f6zel g\u00fcnler i\u00e7in haz\u0131rlan\u0131p \u00fcretilen \u00f6zel \u00fcr\u00fcnlerde iade yap\u0131lmamaktad\u0131r.<\/span><\/p>\n<p><span style=\"font-weight: 400;\"><br \/><\/span><span style=\"font-weight: 400;\">Madde 8\u00a0\u2013 ANLA\u015eMAZLIKLARIN \u00c7\u00d6Z\u00dcM\u00dc<\/span><\/p>\n<p><span style=\"font-weight: 400;\">\u0130\u015fbu Mesafeli Sat\u0131\u015f S\u00f6zle\u015fmesi ile ilgili olarak do\u011fabilecek ihtilaflarda G\u00fcmr\u00fck ve Ticaret Bakanl\u0131\u011f\u0131nca ilan edilen de\u011fere kadar Al\u0131c\u0131&#8217;n\u0131n yerle\u015fim yeri T\u00fcketici Hakem Heyetleri ve Hakem Heyetleri taraf\u0131ndan karara ba\u011flanacak ve \u00dcr\u00fcn veya Hizmetin Al\u0131c\u0131 taraf\u0131ndan sat\u0131n al\u0131nd\u0131\u011f\u0131 yer. 6502 say\u0131l\u0131 T\u00fcketicinin Korunmas\u0131 Hakk\u0131nda Kanun&#8217;un 68. maddesinin 1. f\u0131kras\u0131nda belirtilen alt ve \u00fcst limitler do\u011frultusunda t\u00fcketici alacaklar\u0131 il\u00e7e\/il t\u00fcketici hakem heyetleri taraf\u0131ndan y\u00f6netilir.<\/span><\/p>\n<p><br \/><br \/><\/p>\n\t\t\t\t\t\t\t\t<\/div>\n\t\t\t\t<\/div>\n\t\t\t\t\t<\/div>\n\t\t\t\t<\/div>\n\t\t\t\t<\/div>\n\t\t","protected":false},"excerpt":{"rendered":"<p>Hizmet \u015fartlar\u0131 Madde 1 \u2013\u00a0S\u00f6zle\u015fmenin ve Taraflar\u0131n Konusu \u0130\u015fbu Mesafeli Sat\u0131\u015f S\u00f6zle\u015fmesi, ALICI&#8217;n\u0131n SATICI&#8217;ya ait internet sitesinden elektronik ortamda sipari\u015fini verdi\u011fi mallar ile ilgili olarak 6502 say\u0131l\u0131 T\u00fcketicinin Korunmas\u0131 Hakk\u0131ndaki Kanun ve Mesafeli Sat\u0131\u015f Y\u00f6netmeli\u011fi h\u00fck\u00fcmleri gere\u011fince taraflar\u0131n hak ve y\u00fck\u00fcml\u00fcl\u00fcklerini d\u00fczenler. ALICI, https:\/\/redyforme.com\/en\/ adresinde yer alan bilgileri hem i\u015fbu S\u00f6zle\u015fme&#8217;nin kurulmas\u0131ndan \u00f6nce, hem de [&hellip;]<\/p>\n","protected":false},"author":1,"featured_media":0,"parent":0,"menu_order":0,"comment_status":"closed","ping_status":"closed","template":"","meta":{"footnotes":""},"class_list":["post-600","page","type-page","status-publish","hentry"],"_links":{"self":[{"href":"https:\/\/redyforme.com\/en\/wp-json\/wp\/v2\/pages\/600","targetHints":{"allow":["GET"]}}],"collection":[{"href":"https:\/\/redyforme.com\/en\/wp-json\/wp\/v2\/pages"}],"about":[{"href":"https:\/\/redyforme.com\/en\/wp-json\/wp\/v2\/types\/page"}],"author":[{"embeddable":true,"href":"https:\/\/redyforme.com\/en\/wp-json\/wp\/v2\/users\/1"}],"replies":[{"embeddable":true,"href":"https:\/\/redyforme.com\/en\/wp-json\/wp\/v2\/comments?post=600"}],"version-history":[{"count":9,"href":"https:\/\/redyforme.com\/en\/wp-json\/wp\/v2\/pages\/600\/revisions"}],"predecessor-version":[{"id":1972,"href":"https:\/\/redyforme.com\/en\/wp-json\/wp\/v2\/pages\/600\/revisions\/1972"}],"wp:attachment":[{"href":"https:\/\/redyforme.com\/en\/wp-json\/wp\/v2\/media?parent=600"}],"curies":[{"name":"wp","href":"https:\/\/api.w.org\/{rel}","templated":true}]}}