{"id":1958,"date":"2024-08-14T13:28:10","date_gmt":"2024-08-14T13:28:10","guid":{"rendered":"https:\/\/redyforme.com\/?page_id=1958"},"modified":"2024-08-14T13:32:06","modified_gmt":"2024-08-14T13:32:06","slug":"shipping","status":"publish","type":"page","link":"https:\/\/redyforme.com\/en\/shipping\/","title":{"rendered":"Shipping"},"content":{"rendered":"\t\t<div data-elementor-type=\"wp-page\" data-elementor-id=\"1958\" class=\"elementor elementor-1958\" data-elementor-post-type=\"page\">\n\t\t\t\t<div class=\"elementor-element elementor-element-82f93bd e-flex e-con-boxed e-con e-parent\" data-id=\"82f93bd\" data-element_type=\"container\" data-e-type=\"container\">\n\t\t\t\t\t<div class=\"e-con-inner\">\n\t\t\t\t<div class=\"elementor-element elementor-element-002b066 elementor-widget elementor-widget-spacer\" data-id=\"002b066\" data-element_type=\"widget\" data-e-type=\"widget\" data-widget_type=\"spacer.default\">\n\t\t\t\t<div class=\"elementor-widget-container\">\n\t\t\t\t\t\t\t<div class=\"elementor-spacer\">\n\t\t\t<div class=\"elementor-spacer-inner\"><\/div>\n\t\t<\/div>\n\t\t\t\t\t\t<\/div>\n\t\t\t\t<\/div>\n\t\t\t\t<div class=\"elementor-element elementor-element-a78a3ee elementor-widget elementor-widget-heading\" data-id=\"a78a3ee\" data-element_type=\"widget\" data-e-type=\"widget\" data-widget_type=\"heading.default\">\n\t\t\t\t<div class=\"elementor-widget-container\">\n\t\t\t\t\t<h2 class=\"elementor-heading-title elementor-size-default\">Kargo politikas\u0131\n<\/h2>\t\t\t\t<\/div>\n\t\t\t\t<\/div>\n\t\t\t\t<div class=\"elementor-element elementor-element-e1b78ba elementor-widget elementor-widget-heading\" data-id=\"e1b78ba\" data-element_type=\"widget\" data-e-type=\"widget\" data-widget_type=\"heading.default\">\n\t\t\t\t<div class=\"elementor-widget-container\">\n\t\t\t\t\t<h2 class=\"elementor-heading-title elementor-size-default\">Teslimat i\u00e7in ne kadar \u00f6derim?<\/h2>\t\t\t\t<\/div>\n\t\t\t\t<\/div>\n\t\t\t\t<div class=\"elementor-element elementor-element-fbb120e elementor-widget elementor-widget-heading\" data-id=\"fbb120e\" data-element_type=\"widget\" data-e-type=\"widget\" data-widget_type=\"heading.default\">\n\t\t\t\t<div class=\"elementor-widget-container\">\n\t\t\t\t\t<h2 class=\"elementor-heading-title elementor-size-default\">G\u00f6nderi \u00fccreti teslimat \u00fclkesine ba\u011fl\u0131 olarak de\u011fi\u015fkendir. Global g\u00f6nderilerde al\u0131c\u0131 \u00fclkesinde olu\u015fabilecek g\u00fcmr\u00fck ve di\u011fer masraflar\u0131n al\u0131c\u0131 taraf\u0131ndan kar\u015f\u0131lanmas\u0131 gerekti\u011fini hat\u0131rlatmak isteriz. Maalesef bu durum bizimle alakal\u0131 de\u011fildir ve olu\u015fabilecek masraflar hakk\u0131nda bilgi veremiyoruz. Bu masraflar\u0131n \u00fclke bazl\u0131 de\u011fi\u015fkenlik g\u00f6sterdiklerini g\u00f6z \u00f6n\u00fcnde bulundurmal\u0131s\u0131n\u0131z. T\u00fcrkiye'nin d\u00f6rt bir yan\u0131na \u00fccretsiz teslimat yap\u0131yoruz. Sipari\u015finizin sonunda fiyat\u0131 kontrol edebilirsiniz.<\/h2>\t\t\t\t<\/div>\n\t\t\t\t<\/div>\n\t\t\t\t<div class=\"elementor-element elementor-element-11304ce elementor-widget elementor-widget-heading\" data-id=\"11304ce\" data-element_type=\"widget\" data-e-type=\"widget\" data-widget_type=\"heading.default\">\n\t\t\t\t<div class=\"elementor-widget-container\">\n\t\t\t\t\t<h2 class=\"elementor-heading-title elementor-size-default\">Sipari\u015fimi ne zaman al\u0131r\u0131m?\n<\/h2>\t\t\t\t<\/div>\n\t\t\t\t<\/div>\n\t\t\t\t<div class=\"elementor-element elementor-element-f038bb7 elementor-widget elementor-widget-heading\" data-id=\"f038bb7\" data-element_type=\"widget\" data-e-type=\"widget\" data-widget_type=\"heading.default\">\n\t\t\t\t<div class=\"elementor-widget-container\">\n\t\t\t\t\t<h2 class=\"elementor-heading-title elementor-size-default\">\u00dcr\u00fcnlerimizin \u0130stanbul deposundan \u00e7\u0131k\u0131\u015f\u0131n\u0131n yap\u0131ld\u0131\u011f\u0131n\u0131 hat\u0131rlatmak isteriz. Sipari\u015finiz, T\u00fcrkiye i\u00e7indeki teslimatlar \u0130stanbul depomuzdan tedarik edilebildi\u011fi durumlar i\u00e7in 1-5 i\u015f g\u00fcn\u00fc i\u00e7inde adresinize teslim edilecektir. Nakliye \u015firketleri resmi tatillerde ve hafta sonlar\u0131 \u00e7al\u0131\u015fmad\u0131\u011f\u0131 i\u00e7in teslimat\u0131n\u0131z ilk i\u015f g\u00fcn\u00fcnde yap\u0131lacakt\u0131r. \u015e\n<\/h2>\t\t\t\t<\/div>\n\t\t\t\t<\/div>\n\t\t\t\t<div class=\"elementor-element elementor-element-2b84f81 elementor-widget elementor-widget-heading\" data-id=\"2b84f81\" data-element_type=\"widget\" data-e-type=\"widget\" data-widget_type=\"heading.default\">\n\t\t\t\t<div class=\"elementor-widget-container\">\n\t\t\t\t\t<h2 class=\"elementor-heading-title elementor-size-default\">Sipari\u015fimi nas\u0131l takip edebilirim?\n<\/h2>\t\t\t\t<\/div>\n\t\t\t\t<\/div>\n\t\t\t\t<div class=\"elementor-element elementor-element-577e9ba elementor-widget elementor-widget-heading\" data-id=\"577e9ba\" data-element_type=\"widget\" data-e-type=\"widget\" data-widget_type=\"heading.default\">\n\t\t\t\t<div class=\"elementor-widget-container\">\n\t\t\t\t\t<h2 class=\"elementor-heading-title elementor-size-default\">Sipari\u015finiz depomuzdan \u00e7\u0131kar\u0131ld\u0131ktan sonra e-posta ile bilgilendirileceksiniz. Kargonuzu takip etmek i\u00e7in l\u00fctfen taraf\u0131n\u0131za g\u00f6nderilecek kargo takip linkine t\u0131klay\u0131n\u0131z. Kay\u0131tl\u0131 bir \u00fcyesiyseniz, bir kargo izleme ba\u011flant\u0131s\u0131 kullanarak hesab\u0131n\u0131za giri\u015f yapt\u0131ktan sonra g\u00f6nderilerinizi takip edebilirsiniz.<\/h2>\t\t\t\t<\/div>\n\t\t\t\t<\/div>\n\t\t\t\t<div class=\"elementor-element elementor-element-861857c elementor-widget elementor-widget-heading\" data-id=\"861857c\" data-element_type=\"widget\" data-e-type=\"widget\" data-widget_type=\"heading.default\">\n\t\t\t\t<div class=\"elementor-widget-container\">\n\t\t\t\t\t<h2 class=\"elementor-heading-title elementor-size-default\">Sipari\u015fimi farkl\u0131 bir adrese g\u00f6nderebilir miyim? Sipari\u015fimi fatura adresimden farkl\u0131 bir adrese teslim edebilir misiniz?\n<\/h2>\t\t\t\t<\/div>\n\t\t\t\t<\/div>\n\t\t\t\t<div class=\"elementor-element elementor-element-54eccce elementor-widget elementor-widget-heading\" data-id=\"54eccce\" data-element_type=\"widget\" data-e-type=\"widget\" data-widget_type=\"heading.default\">\n\t\t\t\t<div class=\"elementor-widget-container\">\n\t\t\t\t\t<h2 class=\"elementor-heading-title elementor-size-default\">Sipari\u015finizi verirken farkl\u0131 bir teslimat adresi verebilirsiniz. Kargonuzu zaman\u0131nda almak i\u00e7in l\u00fctfen adres formunu tam olarak doldurun ve caddenizi belirtin, bina no. ve di\u011fer bilgileri do\u011fru bir \u015fekilde. L\u00fctfen hasarl\u0131 kargo almay\u0131n ve herhangi bir sorun ile firmam\u0131zla ileti\u015fime ge\u00e7in. Teslimatlar hafta i\u00e7i yap\u0131lacakt\u0131r.\n\n<\/h2>\t\t\t\t<\/div>\n\t\t\t\t<\/div>\n\t\t\t\t<div class=\"elementor-element elementor-element-2b264f7 elementor-widget elementor-widget-heading\" data-id=\"2b264f7\" data-element_type=\"widget\" data-e-type=\"widget\" data-widget_type=\"heading.default\">\n\t\t\t\t<div class=\"elementor-widget-container\">\n\t\t\t\t\t<h2 class=\"elementor-heading-title elementor-size-default\">Hangi sevkiyat firmas\u0131yla \u00e7al\u0131\u015f\u0131yorsunuz?<\/h2>\t\t\t\t<\/div>\n\t\t\t\t<\/div>\n\t\t\t\t<div class=\"elementor-element elementor-element-40be81d elementor-widget elementor-widget-heading\" data-id=\"40be81d\" data-element_type=\"widget\" data-e-type=\"widget\" data-widget_type=\"heading.default\">\n\t\t\t\t<div class=\"elementor-widget-container\">\n\t\t\t\t\t<h2 class=\"elementor-heading-title elementor-size-default\">Zamana ve mevsime ba\u011fl\u0131 olarak \u00e7e\u015fitli sevkiyat firmalar\u0131yla \u00e7al\u0131\u015f\u0131yoruz.\n<\/h2>\t\t\t\t<\/div>\n\t\t\t\t<\/div>\n\t\t\t\t<div class=\"elementor-element elementor-element-a34387f elementor-widget elementor-widget-heading\" data-id=\"a34387f\" data-element_type=\"widget\" data-e-type=\"widget\" data-widget_type=\"heading.default\">\n\t\t\t\t<div class=\"elementor-widget-container\">\n\t\t\t\t\t<h2 class=\"elementor-heading-title elementor-size-default\">E\u011fer evde de\u011filsem, benim yerimden biri teslimat\u0131m\u0131 alabilir mi?<\/h2>\t\t\t\t<\/div>\n\t\t\t\t<\/div>\n\t\t\t\t<div class=\"elementor-element elementor-element-f9c3ad4 elementor-widget elementor-widget-heading\" data-id=\"f9c3ad4\" data-element_type=\"widget\" data-e-type=\"widget\" data-widget_type=\"heading.default\">\n\t\t\t\t<div class=\"elementor-widget-container\">\n\t\t\t\t\t<h2 class=\"elementor-heading-title elementor-size-default\">Paket yaln\u0131zca size ve vermi\u015f oldu\u011funuz adreste bulunan bireylere imza ve vatanda\u015fl\u0131k numaras\u0131 kar\u015f\u0131l\u0131\u011f\u0131nda teslim edilebilir. Teslimat\u0131 alamazsan\u0131z, sevkiyat firmas\u0131na bilgi verebilirsiniz. Teslimatta kimlik numaran\u0131z ve imzan\u0131z gereklidir. Verilen adreste kimse yoksa, teslimat\u0131n\u0131z sizin bilginiz dahilinde sevkiyat firmas\u0131na geri d\u00f6ner. 3 g\u00fcn i\u00e7inde onlarla ileti\u015fime ge\u00e7melisiniz, aksi takdirde teslimat depo birimine geri g\u00f6nderilir.\n<\/h2>\t\t\t\t<\/div>\n\t\t\t\t<\/div>\n\t\t\t\t\t<\/div>\n\t\t\t\t<\/div>\n\t\t\t\t<\/div>\n\t\t","protected":false},"excerpt":{"rendered":"<p>Kargo politikas\u0131 Teslimat i\u00e7in ne kadar \u00f6derim? G\u00f6nderi \u00fccreti teslimat \u00fclkesine ba\u011fl\u0131 olarak de\u011fi\u015fkendir. Global g\u00f6nderilerde al\u0131c\u0131 \u00fclkesinde olu\u015fabilecek g\u00fcmr\u00fck ve di\u011fer masraflar\u0131n al\u0131c\u0131 taraf\u0131ndan kar\u015f\u0131lanmas\u0131 gerekti\u011fini hat\u0131rlatmak isteriz. Maalesef bu durum bizimle alakal\u0131 de\u011fildir ve olu\u015fabilecek masraflar hakk\u0131nda bilgi veremiyoruz. Bu masraflar\u0131n \u00fclke bazl\u0131 de\u011fi\u015fkenlik g\u00f6sterdiklerini g\u00f6z \u00f6n\u00fcnde bulundurmal\u0131s\u0131n\u0131z. T\u00fcrkiye&#8217;nin d\u00f6rt bir yan\u0131na \u00fccretsiz [&hellip;]<\/p>\n","protected":false},"author":1,"featured_media":0,"parent":0,"menu_order":0,"comment_status":"closed","ping_status":"closed","template":"","meta":{"footnotes":""},"class_list":["post-1958","page","type-page","status-publish","hentry"],"_links":{"self":[{"href":"https:\/\/redyforme.com\/en\/wp-json\/wp\/v2\/pages\/1958","targetHints":{"allow":["GET"]}}],"collection":[{"href":"https:\/\/redyforme.com\/en\/wp-json\/wp\/v2\/pages"}],"about":[{"href":"https:\/\/redyforme.com\/en\/wp-json\/wp\/v2\/types\/page"}],"author":[{"embeddable":true,"href":"https:\/\/redyforme.com\/en\/wp-json\/wp\/v2\/users\/1"}],"replies":[{"embeddable":true,"href":"https:\/\/redyforme.com\/en\/wp-json\/wp\/v2\/comments?post=1958"}],"version-history":[{"count":4,"href":"https:\/\/redyforme.com\/en\/wp-json\/wp\/v2\/pages\/1958\/revisions"}],"predecessor-version":[{"id":1962,"href":"https:\/\/redyforme.com\/en\/wp-json\/wp\/v2\/pages\/1958\/revisions\/1962"}],"wp:attachment":[{"href":"https:\/\/redyforme.com\/en\/wp-json\/wp\/v2\/media?parent=1958"}],"curies":[{"name":"wp","href":"https:\/\/api.w.org\/{rel}","templated":true}]}}